{"id":276,"date":"2024-10-23T08:41:36","date_gmt":"2024-10-23T08:41:36","guid":{"rendered":"https:\/\/maricarmengallardo.com\/?post_type=product&#038;p=276"},"modified":"2024-10-23T13:01:19","modified_gmt":"2024-10-23T13:01:19","slug":"activation-de-la-matrice-de-vie","status":"publish","type":"product","link":"https:\/\/maricarmengallardo.com\/?product=activation-de-la-matrice-de-vie","title":{"rendered":"Activation de la Matrice de Vie"},"content":{"rendered":"<div id=\"comp-kwz8hofe\" class=\"MazNVa comp-kwz8hofe wixui-image\" title=\"ciel 1.png\">\n<div class=\"j7pOnl\" data-testid=\"linkElement\"><\/div>\n<\/div>\n<div id=\"comp-kwz4hoeg\" class=\"HcOXKn SxM0TO QxJLC3 lq2cno comp-kwz4hoeg wixui-rich-text\" data-testid=\"richTextElement\"><span class=\"color_42 wixui-rich-text__text\"><span class=\"wixui-rich-text__text\">l&rsquo;Activation de la Matrice de vie<\/span><\/span>: La Matrice de vie est la structure g\u00e9om\u00e9trique vibratoire sacr\u00e9e de notre \u00eatre. Elle est holographique et anim\u00e9e par la vibration primordiale.<\/div>\n<div id=\"comp-kwz4mcoa\" class=\"HcOXKn SxM0TO QxJLC3 lq2cno comp-kwz4mcoa wixui-rich-text\" data-testid=\"richTextElement\">\n<p class=\"font_7 wixui-rich-text__text\">L&rsquo;activation sert \u00e0 d\u00e9velopper les acc\u00e8s \u00e0 la spiritualit\u00e9, la sensibilit\u00e9, ressenti, \u00e9coute, sens logique, intuition, empathie et ainsi r\u00e9tablir la connexion de notre \u00eatre.<\/p>\n<\/div>\n","protected":false},"excerpt":{"rendered":"<p>LA MATRICE DE VIE<\/p>\n<p>la lecture, dans le champ matriciel de la personne qui en fait la demande.<\/p>\n<p>le recalibrage: sert \u00e0 \u00e9vacuer les m\u00e9moires limitatives, les noeuds, les empreintes de l&rsquo;ancienne Matrice. Il aide \u00e0 la transmutation.<\/p>\n<p>l&rsquo;Activation de la Matrice de vie: La Matrice de vie est la structure g\u00e9om\u00e9trique vibratoire sacr\u00e9e de notre \u00eatre. Elle est holographique et anim\u00e9e par la vibration pr<br \/>\nLA MATRICE DE VIE<br \/>\nTransmission re\u00e7ue de Mari Carmen Gallardo<\/p>\n<p>maricarmengallardo.com<\/p>\n<p>la lecture, dans le champ matriciel de la personne qui en fait la demande.<\/p>\n<p>le recalibrage: sert \u00e0 \u00e9vacuer les m\u00e9moires limitatives, les noeuds, les empreintes de l&rsquo;ancienne Matrice. Il aide \u00e0 la transmutation.<\/p>\n<p>l&rsquo;Activation de la Matrice de vie: La Matrice de vie est la structure g\u00e9om\u00e9trique vibratoire sacr\u00e9e de notre \u00eatre. Elle est holographique et anim\u00e9e par la vibration primordiale.<\/p>\n<p>L&rsquo;activation sert \u00e0 d\u00e9velopper les acc\u00e9s \u00e0 la spiritualit\u00e9, la sensibilit\u00e9, ressenti, \u00e9coute, sens logique, intuition, empathie et ainsi r\u00e9tablir la connexion de notre \u00eatre.<\/p>\n<p>L&rsquo;activation des corps de l&rsquo;humain se fait par la magn\u00e9tisation de la lumi\u00e8reconsciente permettant ainsi d&rsquo;encoder la sagesse sup\u00e9rieure stimulant l&rsquo;\u00e9veil (Mari carmen Gallardo)<br \/>\nLa pratique des diff\u00e9rentes phases de la matrice de vie se font par rendez-vous individuelsimordiale.<\/p>\n<p>L&rsquo;activation sert \u00e0 d\u00e9velopper les acc\u00e9s \u00e0 la spiritualit\u00e9, la sensibilit\u00e9, ressenti, \u00e9coute, sens logique, intuition, empathie et ainsi r\u00e9tablir la connexion de notre \u00eatre.<\/p>\n<p>L&rsquo;activation des corps de l&rsquo;humain se fait par la magn\u00e9tisation de la lumi\u00e8re consciente permettant ainsi d&rsquo;encoder la sagesse sup\u00e9rieure stimulant l&rsquo;\u00e9veil (Mari carmen Gallardo)<br \/>\nLa pratique des diff\u00e9rentes phases de la matrice de vie se font par rendez-vous individuels.<\/p>\n<p>&nbsp;<\/p>\n","protected":false},"featured_media":160,"template":"","meta":[],"product_brand":[],"product_cat":[19],"product_tag":[],"class_list":{"0":"post-276","1":"product","2":"type-product","3":"status-publish","4":"has-post-thumbnail","6":"product_cat-mdv","8":"first","9":"instock","10":"purchasable","11":"product-type-simple"},"_links":{"self":[{"href":"https:\/\/maricarmengallardo.com\/index.php?rest_route=\/wp\/v2\/product\/276","targetHints":{"allow":["GET"]}}],"collection":[{"href":"https:\/\/maricarmengallardo.com\/index.php?rest_route=\/wp\/v2\/product"}],"about":[{"href":"https:\/\/maricarmengallardo.com\/index.php?rest_route=\/wp\/v2\/types\/product"}],"wp:featuredmedia":[{"embeddable":true,"href":"https:\/\/maricarmengallardo.com\/index.php?rest_route=\/wp\/v2\/media\/160"}],"wp:attachment":[{"href":"https:\/\/maricarmengallardo.com\/index.php?rest_route=%2Fwp%2Fv2%2Fmedia&parent=276"}],"wp:term":[{"taxonomy":"product_brand","embeddable":true,"href":"https:\/\/maricarmengallardo.com\/index.php?rest_route=%2Fwp%2Fv2%2Fproduct_brand&post=276"},{"taxonomy":"product_cat","embeddable":true,"href":"https:\/\/maricarmengallardo.com\/index.php?rest_route=%2Fwp%2Fv2%2Fproduct_cat&post=276"},{"taxonomy":"product_tag","embeddable":true,"href":"https:\/\/maricarmengallardo.com\/index.php?rest_route=%2Fwp%2Fv2%2Fproduct_tag&post=276"}],"curies":[{"name":"wp","href":"https:\/\/api.w.org\/{rel}","templated":true}]}}