{"id":275,"date":"2024-10-23T08:40:15","date_gmt":"2024-10-23T08:40:15","guid":{"rendered":"https:\/\/maricarmengallardo.com\/?post_type=product&#038;p=275"},"modified":"2024-10-23T12:59:22","modified_gmt":"2024-10-23T12:59:22","slug":"recalibrage","status":"publish","type":"product","link":"https:\/\/maricarmengallardo.com\/?product=recalibrage","title":{"rendered":"Recalibrage"},"content":{"rendered":"<p>&nbsp;<\/p>\n<p>Recalibrage en pr\u00e9sence ou \u00e0 distance.<\/p>\n<p><span class=\"color_42 wixui-rich-text__text\"><span class=\"wixui-rich-text__text\">le re<\/span><\/span><span class=\"color_42 wixui-rich-text__text\"><span class=\"wixui-rich-text__text\">calibrage<\/span><\/span>: sert \u00e0 \u00e9vacuer les m\u00e9moires limitatives, les noeuds, les empreintes de l&rsquo;ancienne Matrice. Aide \u00e0 la transmutation.<\/p>\n","protected":false},"excerpt":{"rendered":"<p>&nbsp; Recalibrage en pr\u00e9sence ou \u00e0 distance. le recalibrage: sert \u00e0 \u00e9vacuer les m\u00e9moires limitatives, les noeuds, les empreintes de l&rsquo;ancienne Matrice. Aide \u00e0 la transmutation.<\/p>\n","protected":false},"featured_media":120,"template":"","meta":[],"product_brand":[],"product_cat":[19],"product_tag":[],"class_list":{"0":"post-275","1":"product","2":"type-product","3":"status-publish","4":"has-post-thumbnail","6":"product_cat-mdv","8":"first","9":"instock","10":"purchasable","11":"product-type-simple"},"_links":{"self":[{"href":"https:\/\/maricarmengallardo.com\/index.php?rest_route=\/wp\/v2\/product\/275","targetHints":{"allow":["GET"]}}],"collection":[{"href":"https:\/\/maricarmengallardo.com\/index.php?rest_route=\/wp\/v2\/product"}],"about":[{"href":"https:\/\/maricarmengallardo.com\/index.php?rest_route=\/wp\/v2\/types\/product"}],"wp:featuredmedia":[{"embeddable":true,"href":"https:\/\/maricarmengallardo.com\/index.php?rest_route=\/wp\/v2\/media\/120"}],"wp:attachment":[{"href":"https:\/\/maricarmengallardo.com\/index.php?rest_route=%2Fwp%2Fv2%2Fmedia&parent=275"}],"wp:term":[{"taxonomy":"product_brand","embeddable":true,"href":"https:\/\/maricarmengallardo.com\/index.php?rest_route=%2Fwp%2Fv2%2Fproduct_brand&post=275"},{"taxonomy":"product_cat","embeddable":true,"href":"https:\/\/maricarmengallardo.com\/index.php?rest_route=%2Fwp%2Fv2%2Fproduct_cat&post=275"},{"taxonomy":"product_tag","embeddable":true,"href":"https:\/\/maricarmengallardo.com\/index.php?rest_route=%2Fwp%2Fv2%2Fproduct_tag&post=275"}],"curies":[{"name":"wp","href":"https:\/\/api.w.org\/{rel}","templated":true}]}}