{"id":210,"date":"2024-10-23T07:45:41","date_gmt":"2024-10-23T07:45:41","guid":{"rendered":"https:\/\/maricarmengallardo.com\/?page_id=210"},"modified":"2024-10-23T07:48:17","modified_gmt":"2024-10-23T07:48:17","slug":"temoignages","status":"publish","type":"page","link":"https:\/\/maricarmengallardo.com\/?page_id=210","title":{"rendered":"TEMOIGNAGES"},"content":{"rendered":"\n<div style=\"height:var(--wp--preset--spacing--50)\" aria-hidden=\"true\" class=\"wp-block-spacer\"><\/div>\n\n\n\n<div class=\"wp-block-group alignwide has-global-padding is-layout-constrained wp-block-group-is-layout-constrained\">\n<h1 class=\"wp-block-heading alignwide has-xx-large-font-size\" style=\"line-height:1.2\">Partagez vos t\u00e9moignages<\/h1>\n\n\n\n<p><strong><em>Flamme d\u2019Amour, Triple Flamme de mon C\u0153ur<\/em><\/strong><em>\u2028<\/em><strong><em>Ancre-toi profond\u00e9ment dans cette Matrice de Vie<\/em><\/strong><em>\u2028<\/em><strong><em>Tu deviens ici maintenant, cette Fleur<\/em><\/strong><em>\u2028<\/em><strong><em>De la couronne des Douze \u00c9toiles de Marie<\/em><\/strong><em>\u2028<\/em><strong><em>En Diffusant le Baume d\u2019Isis gu\u00e9risseur<\/em><\/strong><em>\u2028<\/em><strong><em>De l\u2019\u00e2me humaine pour lui donner VIE<\/em><\/strong><em>\u2028<\/em><strong><em>Dans cette nouvelle Matrice de Vie<\/em><\/strong><em>\u2028( Jeanne de la Rose )&nbsp;<\/em><\/p>\n\n\n\n<p><em>Chers amis-amies de Lumi\u00e8re,\u2028Ave Solis, ( Je te salue Soleil&nbsp;! )\u2028Je suis honor\u00e9e de vous offrir ce t\u00e9moignage qui raconte cette prise de conscience fulgurante d\u2019avoir la certitude int\u00e9rieure que nous sommes les Semeurs d\u2019\u00c9toiles de Marie, celle qui repr\u00e9sente les M\u00e8res primordiales dans la Nouvelle Matrice de Vie.<\/em><\/p>\n\n\n\n<p><em>Ma rencontre avec la messag\u00e8re Mari Carmen fut dans la Pr\u00e9cipitation, c\u2019est-\u00e0-dire que cela s\u2019est fait sans aucune pr\u00e9paration ext\u00e9rieure dans une parfaite synchronicit\u00e9 et avec un rythme acc\u00e9l\u00e9r\u00e9 . Oui, je me suis vue tout \u00e0 coup en sa pr\u00e9sence et Sa Pr\u00e9sence m\u2019a interpell\u00e9e et je n\u2019ai pu y r\u00e9sister, car j\u2019\u00e9tais pouss\u00e9e vers elle. Avec spontan\u00e9it\u00e9, je me suis inscrite \u00e0 sa formation de deux jours sur La B\u00e9n\u00e9diction d\u2019Isis.<\/em><\/p>\n\n\n\n<p><em>Quelle ne fut pas ma surprise, d\u2019entendre Mari nous donner un enseignement en nous ramenant \u00e0 notre int\u00e9rieur o\u00f9 se trouve notre C\u0153ur Sacr\u00e9 et cela en nous aimant humainement et divinement par la pratique de cette Magnifique B\u00e9n\u00e9diction d\u2019Isis. Oui, la r\u00e9v\u00e9lation de ce don fait \u00e0 soi-m\u00eame par soi-m\u00eame dans un amour inconditionnel envers soi-m\u00eame a \u00e9t\u00e9 pour moi le point crucial de mon retournement.<\/em><\/p>\n\n\n\n<p><em>J\u2019ai connu, de par le pass\u00e9, un enseignement et des pratiques sp\u00e9ciales concernant la M\u00e8re divine et lors de la formation donn\u00e9e par Mari ce fut l\u2019\u00e9vidence m\u00eame que ces enseignements avec ses pratiques sont aujourd\u2019hui r\u00e9volus, car ils \u00e9taient tous tourn\u00e9s vers l\u2019ext\u00e9rieur. L\u2019exemple le plus appropri\u00e9 est&nbsp;:<\/em><\/p>\n\n\n\n<p><em>Nouvelle matrice = la B\u00e9n\u00e9diction d\u2019Isis qui t\u2019apprend \u00e0 t\u2019aimer en totalit\u00e9 pour Servir le Grand Tout en t\u2019unissant \u00e0 toi-m\u00eame par le geste du lemniscate tourn\u00e9 vers soi.<\/em><\/p>\n\n\n\n<p><em>Ancienne matrice = la B\u00e9n\u00e9diction de la M\u00e8re qui, mains lev\u00e9es, \u00e9tait tourn\u00e9e vers l\u2019ext\u00e9rieur en faisant le signe de la croix. On b\u00e9nissait tout ce qui \u00e9tait ext\u00e9rieur \u00e0 nous tout en oubliant notre int\u00e9rieur.<\/em><\/p>\n\n\n\n<p><em>Merci \u00e0 toi, messag\u00e8re Mari Carmen\u2026 Merci \u00e0 toi France et \u00e0 toi Pierre pour votre d\u00e9vouement\u2026 Merci \u00e0 vous chers lecteurs et lectrices \u2026. JE nous aime\u2026<\/em><\/p>\n\n\n\n<p><em>Jeanne<\/em><\/p>\n\n\n\n<p><\/p>\n\n\n\n<p><em>ROBERT<\/em><\/p>\n\n\n\n<p>En ce jour de diffusion plan\u00e9taire du Baume d&rsquo;Isis, nous vous partageons le t\u00e9moignage de notre ami Robert \u00e0 propos de ce baume merveilleux&#8230;&nbsp;<\/p>\n\n\n\n<p>J&rsquo;ai re\u00e7u la prodigieuse formation \u00ab\u00a0le Baume d&rsquo;Isis\u00a0\u00bb ; j&rsquo;ai pass\u00e9 une excellente journ\u00e9e. Elle f\u00fbt des plus enrichissantes et je remercie la messag\u00e8re des M\u00e8res Primordiales, pour ses explications, les exercices et la rectitude de ses propos.<\/p>\n\n\n\n<p>Fondamentalement, c&rsquo;est ce que je (mon \u00e2me) cherchais depuis son origine. \u00c9tant capricorne je suis un peu comme cette petite ch\u00e8vre des montagnes qui, mine de rien, tout en broutant son herbe gravit la cime tant esp\u00e9r\u00e9e.<\/p>\n\n\n\n<p>La B\u00e9n\u00e9diction d\u2019Isis est un oasis dans le d\u00e9sert et tout un baume sur nos plaies vives. Que de chemin parcouru sans elle, que de d\u00e9tours, d&rsquo;h\u00e9sitations, de nostalgie d&rsquo;\u00eatre s\u00e9par\u00e9 de cette grande dame, Sh\u00e9kinah, alors qu&rsquo;elle \u00e9tait tout pr\u00e8s de nous, en nous avec nous, autour de nous. Que d&rsquo;inconscience. J&rsquo;ai l&rsquo;ai cherch\u00e9 partout, en tout, de toute les fa\u00e7ons, je lui ai m\u00eame pr\u00e9par\u00e9 un bouquet de fleurs jadis.<\/p>\n\n\n\n<p>Les exercices sont tr\u00e8s agissants et vibratoires et nous reconnecte \u00e0 notre Source. Mes r\u00eaves ont beaucoup chang\u00e9s. C&rsquo;est de plus en plus r\u00e9el, concret ainsi que les nouvelles prises de conscience face \u00e0 la vie, \u00e0 mon cheminement. C&rsquo;est prendre le \u00ab\u00a0highway\u00a0\u00bb avec la certitude et la confiance qu&rsquo;on a le bon itin\u00e9raire, que mon \u00c2me a son appareillage et conna\u00eet son port de mouillage.<\/p>\n\n\n\n<p>\u00c2 toi. \u00c2me sinc\u00e8re, qui n&rsquo;en finit plus de chercher, de tourner en rond, je te souhaite de tout c\u0153ur de t\u2019offrir la Gu\u00e9rison de la blessure d\u2019ISIS de vivre ta verticalit\u00e9, de r\u00e9unir l&rsquo;alpha et l&rsquo;om\u00e9ga, mots que j&rsquo;ai tant prononc\u00e9 en esp\u00e9rant une issue possible. Par la B\u00e9n\u00e9diction d\u2019ISIS, c\u2019est possible et palpable. Certes, il y a encore des r\u00e9cifs et des \u00e9cueils \u00e0 \u00e9viter mais nous avons une bonne boussole int\u00e9rieure.<\/p>\n\n\n\n<p>Merci et gratitude \u00e0 tous ceux et celles qui m&rsquo;ont accompagn\u00e9 tout au long du chemin, continuons car nous sommes tous Un.<\/p>\n\n\n\n<p>Robert<\/p>\n\n\n\n<p><\/p>\n\n\n\n<p><strong>BENEDICTION D&nbsp;\u2018ISIS&nbsp;:<\/strong><\/p>\n\n\n\n<p>Ce s\u00e9minaire a pour but de retrouver le chemin de vos \u00e9pousailles int\u00e9rieures, de d\u00e9couvrir le fondement de votre structure matricielle et d\u2019initier le processus de gu\u00e9rison de vos axes bless\u00e9s.<\/p>\n\n\n\n<p>La b\u00e9n\u00e9diction d\u2019Isis ou la gu\u00e9rison de la blessure d\u2019Isis est un aspect fondamental. Cette blessure se traduit par la s\u00e9paration des principes m\u00e8re et p\u00e8re ou encore femme et homme. Une s\u00e9paration qui s\u2018apparente \u00e0 une dualit\u00e9 certaine et une souffrance profonde. Le rejet du principe masculin envers celui f\u00e9minin a cr\u00e9\u00e9 une scission douloureuse dans la soci\u00e9t\u00e9 et particuli\u00e8rement chez l\u2019\u00eatre humain.<\/p>\n\n\n\n<p>Guid\u00e9s par les M\u00e8res Primordiales, nous vous proposons d&rsquo;exp\u00e9rimenter de mani\u00e8re vibratoire le \u201cBaume de Gu\u00e9rison\u201d. Celui-ci permettra d\u2019activer la structure de votre matrice de vie afin de r\u00e9unir l\u2019\u00eatre et lui permettre de retrouver son int\u00e9grit\u00e9 et sa compl\u00e9tude perdue.<\/p>\n\n\n\n<p>Enseignement : Les fondements de votre Matrice de Vie<\/p>\n\n\n\n<p>D\u00e9couvrir les fondements de sa g\u00e9om\u00e9trie sacr\u00e9e et pouvoir y acc\u00e9der<\/p>\n\n\n\n<p>Enseignement : \u201c Canalisation des M\u00e8res par le \u201cbaume de gu\u00e9rison\u201d<\/p>\n\n\n\n<p>Exp\u00e9rimenter le Baume de gu\u00e9rison et apprendre \u00e0 s\u2019en servir<\/p>\n\n\n\n<p>Atelier : \u201cDanse d\u2019Isis\u201d<\/p>\n\n\n\n<p>La pratique de cette danse permet de retrouver l\u2019\u00e9tat de gr\u00e2ce issue de la r\u00e9unification et du ressenti de notre unit\u00e9. Cette danse alchimique de transmutation favorise l\u2019int\u00e9gration qui m\u00e8ne \u00e0 l\u2019unification des polarit\u00e9s. Son ivresse fait na\u00eetre la fusion de notre humanit\u00e9 avec notre divinit\u00e9.<\/p>\n\n\n\n<p>Ex\u00e9cut\u00e9e dans un cercle pour repr\u00e9senter l\u2019union, les corps se vident pour se remplir de la pr\u00e9sence \u00e9ternelle. La danse s\u2019ach\u00e8ve alors par des paroles de r\u00e9unification, de nos principes compl\u00e9mentaires.<\/p>\n\n\n\n<p><\/p>\n<\/div>\n","protected":false},"excerpt":{"rendered":"<p>Partagez vos t\u00e9moignages Flamme d\u2019Amour, Triple Flamme de mon C\u0153ur\u2028Ancre-toi profond\u00e9ment dans cette Matrice de Vie\u2028Tu deviens ici maintenant, cette Fleur\u2028De la couronne des Douze \u00c9toiles de Marie\u2028En Diffusant le Baume d\u2019Isis gu\u00e9risseur\u2028De l\u2019\u00e2me humaine pour lui donner VIE\u2028Dans cette nouvelle Matrice de Vie\u2028( Jeanne de la Rose )&nbsp; Chers amis-amies de Lumi\u00e8re,\u2028Ave Solis, ( [&hellip;]<\/p>\n","protected":false},"author":1,"featured_media":0,"parent":0,"menu_order":0,"comment_status":"closed","ping_status":"closed","template":"","meta":{"footnotes":""},"class_list":["post-210","page","type-page","status-publish","hentry"],"_links":{"self":[{"href":"https:\/\/maricarmengallardo.com\/index.php?rest_route=\/wp\/v2\/pages\/210","targetHints":{"allow":["GET"]}}],"collection":[{"href":"https:\/\/maricarmengallardo.com\/index.php?rest_route=\/wp\/v2\/pages"}],"about":[{"href":"https:\/\/maricarmengallardo.com\/index.php?rest_route=\/wp\/v2\/types\/page"}],"author":[{"embeddable":true,"href":"https:\/\/maricarmengallardo.com\/index.php?rest_route=\/wp\/v2\/users\/1"}],"replies":[{"embeddable":true,"href":"https:\/\/maricarmengallardo.com\/index.php?rest_route=%2Fwp%2Fv2%2Fcomments&post=210"}],"version-history":[{"count":2,"href":"https:\/\/maricarmengallardo.com\/index.php?rest_route=\/wp\/v2\/pages\/210\/revisions"}],"predecessor-version":[{"id":212,"href":"https:\/\/maricarmengallardo.com\/index.php?rest_route=\/wp\/v2\/pages\/210\/revisions\/212"}],"wp:attachment":[{"href":"https:\/\/maricarmengallardo.com\/index.php?rest_route=%2Fwp%2Fv2%2Fmedia&parent=210"}],"curies":[{"name":"wp","href":"https:\/\/api.w.org\/{rel}","templated":true}]}}