{"id":197,"date":"2024-05-21T07:45:11","date_gmt":"2024-05-21T07:45:11","guid":{"rendered":"https:\/\/maricarmengallardo.com\/?page_id=197"},"modified":"2024-10-23T11:37:02","modified_gmt":"2024-10-23T11:37:02","slug":"a-venir-2","status":"publish","type":"page","link":"https:\/\/maricarmengallardo.com\/?page_id=197","title":{"rendered":"ACTIVITES"},"content":{"rendered":"\n<p class=\"has-text-align-center\"><\/p>\n\n\n\n<div class=\"wp-block-group alignwide has-global-padding is-layout-constrained wp-block-group-is-layout-constrained\">\n<p>Dates \u00e0 venir&#8230;<\/p>\n\n\n\n<p><\/p>\n\n\n\n<h3 class=\"wp-block-heading has-text-align-center has-xx-large-font-size\" style=\"line-height:1.2\">NEOMouvement<\/h3>\n\n\n\n<figure class=\"wp-block-image size-full is-resized\"><img loading=\"lazy\" decoding=\"async\" width=\"500\" height=\"500\" src=\"https:\/\/maricarmengallardo.com\/wp-content\/uploads\/2024\/05\/12932983_1168998153144303_963676637263765316_n.jpg\" alt=\"\" class=\"wp-image-146\" style=\"width:620px;height:auto\" srcset=\"https:\/\/maricarmengallardo.com\/wp-content\/uploads\/2024\/05\/12932983_1168998153144303_963676637263765316_n.jpg 500w, https:\/\/maricarmengallardo.com\/wp-content\/uploads\/2024\/05\/12932983_1168998153144303_963676637263765316_n-300x300.jpg 300w, https:\/\/maricarmengallardo.com\/wp-content\/uploads\/2024\/05\/12932983_1168998153144303_963676637263765316_n-100x100.jpg 100w, https:\/\/maricarmengallardo.com\/wp-content\/uploads\/2024\/05\/12932983_1168998153144303_963676637263765316_n-150x150.jpg 150w\" sizes=\"auto, (max-width: 500px) 100vw, 500px\" \/><\/figure>\n\n\n\n<p><\/p>\n\n\n\n<p><strong>Cycle en lien avec les El\u00e9ments de la Nature !<\/strong><\/p>\n\n\n\n<p><strong>Ces journ\u00e9es sont ouverts \u00e0 tous<\/strong>. Pour tous ceux qui veulent&nbsp;agir plut\u00f4t que de subir<\/p>\n\n\n\n<p>Je vous propose<strong>&nbsp;un  th\u00e8me <\/strong>des 6 attributs par journ\u00e9e et vous donne l\u2019opportunit\u00e9 de vous relier \u00e0 l&rsquo;\u00e9nergie nourrici\u00e8re de la nature, d&rsquo;exp\u00e9rimenter \u00ab\u00a0en direct\u00a0\u00bb le ressenti des qualit\u00e9s des \u00e9l\u00e9ments et l\u2019\u00e9nergie de lieux choisis pour leur qualit\u00e9s vibratoires (hauts-lieux d&rsquo;\u00e9nergie selon \u00e9chelle de Bovis) !<\/p>\n\n\n\n<p><strong><u>Les axes de pratique<\/u><\/strong><\/p>\n\n\n\n<p>1.&nbsp;<strong>M\u00e9ditation silencieuse en marchant<\/strong><\/p>\n\n\n\n<p>2.&nbsp;<strong>M\u00e9ditation en Mouvement \u2013 Pratique In\u00e9dite<\/strong><\/p>\n\n\n\n<p>Les mouvements sont constituer d\u2019un<strong> des 6 attributs, <\/strong>v\u00e9cu dans l\u2019\u00e9tat m\u00e9ditatif, ils se pratiquent en cercle soutenu par les sonorit\u00e9s dans le but de nourrir les six attributs- sentiments :<\/p>\n\n\n\n<p><strong>Confiance \u2013 Estime de Soi \u2013\u2013 Douceur &#8211; Autonomie &#8211; L\u00e2cher-prise -Unification<\/strong><\/p>\n\n\n\n<p>3.&nbsp;<strong>M\u00e9ditation silencieuse assise<\/strong>&nbsp;en communion avec les \u00e9nergies du lieu et les \u00e9l\u00e9ments.<\/p>\n\n\n\n<p>4.&nbsp;<strong>Cercle de Parole<\/strong>&nbsp;&#8211; partage et expression<\/p>\n\n\n\n<p>5.&nbsp;<strong>Marche m\u00e9ditative<\/strong><\/p>\n\n\n\n<p>Ce cycle va nous permettre de grandir par exp\u00e9rience et faire cro\u00eetre la Vie, mais aussi de nous retrouver dans cet \u00e9tat Primitif ou Premier comme celui d\u2019un b\u00e9b\u00e9 ou d\u2019un petit enfant.<\/p>\n\n\n\n<p>Ne dit-on pas le Royaume des Cieux appartient aux petits enfants ?<\/p>\n<\/div>\n\n\n\n<div class=\"wp-block-group alignfull has-global-padding is-layout-constrained wp-container-core-group-is-layout-b25ccd55 wp-block-group-is-layout-constrained\" style=\"margin-top:0;margin-bottom:0;padding-top:var(--wp--preset--spacing--50);padding-right:var(--wp--preset--spacing--50);padding-bottom:var(--wp--preset--spacing--50);padding-left:var(--wp--preset--spacing--50)\">\n<div class=\"wp-block-columns alignwide is-layout-flex wp-container-core-columns-is-layout-ff4b9c61 wp-block-columns-is-layout-flex\" style=\"margin-top:0;margin-bottom:0\">\n<div class=\"wp-block-column is-layout-flow wp-container-core-column-is-layout-8a368f38 wp-block-column-is-layout-flow\">\n<figure class=\"wp-block-image size-full is-style-rounded is-style-rounded--1\"><img loading=\"lazy\" decoding=\"async\" width=\"960\" height=\"640\" src=\"https:\/\/maricarmengallardo.com\/wp-content\/uploads\/2024\/05\/12654675_1123419411035511_4117253102456560816_n-1.jpg\" alt=\"\" class=\"wp-image-164\" style=\"aspect-ratio:4\/3;object-fit:cover\" srcset=\"https:\/\/maricarmengallardo.com\/wp-content\/uploads\/2024\/05\/12654675_1123419411035511_4117253102456560816_n-1.jpg 960w, https:\/\/maricarmengallardo.com\/wp-content\/uploads\/2024\/05\/12654675_1123419411035511_4117253102456560816_n-1-600x400.jpg 600w, https:\/\/maricarmengallardo.com\/wp-content\/uploads\/2024\/05\/12654675_1123419411035511_4117253102456560816_n-1-300x200.jpg 300w, https:\/\/maricarmengallardo.com\/wp-content\/uploads\/2024\/05\/12654675_1123419411035511_4117253102456560816_n-1-768x512.jpg 768w\" sizes=\"auto, (max-width: 960px) 100vw, 960px\" \/><\/figure>\n\n\n\n<div style=\"height:var(--wp--preset--spacing--50)\" aria-hidden=\"true\" class=\"wp-block-spacer\"><\/div>\n\n\n\n<figure class=\"wp-block-image size-large is-style-rounded is-style-rounded--2\"><img loading=\"lazy\" decoding=\"async\" width=\"857\" height=\"1024\" src=\"https:\/\/maricarmengallardo.com\/wp-content\/uploads\/2024\/05\/Lac-Louise-857x1024.png\" alt=\"\" class=\"wp-image-107\" style=\"aspect-ratio:3\/4;object-fit:cover\" srcset=\"https:\/\/maricarmengallardo.com\/wp-content\/uploads\/2024\/05\/Lac-Louise-857x1024.png 857w, https:\/\/maricarmengallardo.com\/wp-content\/uploads\/2024\/05\/Lac-Louise-600x717.png 600w, https:\/\/maricarmengallardo.com\/wp-content\/uploads\/2024\/05\/Lac-Louise-251x300.png 251w, https:\/\/maricarmengallardo.com\/wp-content\/uploads\/2024\/05\/Lac-Louise-768x918.png 768w, https:\/\/maricarmengallardo.com\/wp-content\/uploads\/2024\/05\/Lac-Louise.png 1280w\" sizes=\"auto, (max-width: 857px) 100vw, 857px\" \/><\/figure>\n\n\n\n<div style=\"height:var(--wp--preset--spacing--50)\" aria-hidden=\"true\" class=\"wp-block-spacer\"><\/div>\n\n\n\n<figure class=\"wp-block-image size-full is-style-rounded is-style-rounded--3\"><img loading=\"lazy\" decoding=\"async\" width=\"640\" height=\"789\" src=\"https:\/\/maricarmengallardo.com\/wp-content\/uploads\/2024\/05\/tumblr_oot3eh0Ydn1vjwnzpo1_1280.jpg\" alt=\"\" class=\"wp-image-156\" style=\"aspect-ratio:3\/4;object-fit:cover\" srcset=\"https:\/\/maricarmengallardo.com\/wp-content\/uploads\/2024\/05\/tumblr_oot3eh0Ydn1vjwnzpo1_1280.jpg 640w, https:\/\/maricarmengallardo.com\/wp-content\/uploads\/2024\/05\/tumblr_oot3eh0Ydn1vjwnzpo1_1280-600x740.jpg 600w, https:\/\/maricarmengallardo.com\/wp-content\/uploads\/2024\/05\/tumblr_oot3eh0Ydn1vjwnzpo1_1280-243x300.jpg 243w\" sizes=\"auto, (max-width: 640px) 100vw, 640px\" \/><\/figure>\n<\/div>\n\n\n\n<div class=\"wp-block-column is-layout-flow wp-container-core-column-is-layout-8a368f38 wp-block-column-is-layout-flow\">\n<div style=\"height:var(--wp--preset--spacing--50)\" aria-hidden=\"true\" class=\"wp-block-spacer\"><\/div>\n\n\n\n<figure class=\"wp-block-image size-full is-style-rounded is-style-rounded--4\"><img loading=\"lazy\" decoding=\"async\" width=\"1000\" height=\"667\" src=\"https:\/\/maricarmengallardo.com\/wp-content\/uploads\/2024\/05\/MG_1244-zoom.jpg\" alt=\"\" class=\"wp-image-161\" style=\"aspect-ratio:3\/4;object-fit:cover\" srcset=\"https:\/\/maricarmengallardo.com\/wp-content\/uploads\/2024\/05\/MG_1244-zoom.jpg 1000w, https:\/\/maricarmengallardo.com\/wp-content\/uploads\/2024\/05\/MG_1244-zoom-600x400.jpg 600w, https:\/\/maricarmengallardo.com\/wp-content\/uploads\/2024\/05\/MG_1244-zoom-300x200.jpg 300w, https:\/\/maricarmengallardo.com\/wp-content\/uploads\/2024\/05\/MG_1244-zoom-768x512.jpg 768w\" sizes=\"auto, (max-width: 1000px) 100vw, 1000px\" \/><\/figure>\n\n\n\n<div style=\"height:var(--wp--preset--spacing--50)\" aria-hidden=\"true\" class=\"wp-block-spacer\"><\/div>\n\n\n\n<figure class=\"wp-block-image size-large is-style-rounded is-style-rounded--5\"><img loading=\"lazy\" decoding=\"async\" width=\"681\" height=\"1024\" src=\"https:\/\/maricarmengallardo.com\/wp-content\/uploads\/2024\/05\/CBB038CE-7E45-41B5-A7D0-E11B286BB417_1_105_c-681x1024.jpeg\" alt=\"\" class=\"wp-image-135\" style=\"aspect-ratio:1;object-fit:cover\" srcset=\"https:\/\/maricarmengallardo.com\/wp-content\/uploads\/2024\/05\/CBB038CE-7E45-41B5-A7D0-E11B286BB417_1_105_c-681x1024.jpeg 681w, https:\/\/maricarmengallardo.com\/wp-content\/uploads\/2024\/05\/CBB038CE-7E45-41B5-A7D0-E11B286BB417_1_105_c-600x902.jpeg 600w, https:\/\/maricarmengallardo.com\/wp-content\/uploads\/2024\/05\/CBB038CE-7E45-41B5-A7D0-E11B286BB417_1_105_c-200x300.jpeg 200w, https:\/\/maricarmengallardo.com\/wp-content\/uploads\/2024\/05\/CBB038CE-7E45-41B5-A7D0-E11B286BB417_1_105_c.jpeg 723w\" sizes=\"auto, (max-width: 681px) 100vw, 681px\" \/><\/figure>\n\n\n\n<div style=\"height:var(--wp--preset--spacing--50)\" aria-hidden=\"true\" class=\"wp-block-spacer\"><\/div>\n\n\n\n<figure class=\"wp-block-image size-full is-style-rounded is-style-rounded--6\"><img loading=\"lazy\" decoding=\"async\" width=\"1000\" height=\"667\" src=\"https:\/\/maricarmengallardo.com\/wp-content\/uploads\/2024\/05\/MG_1244-zoom.jpg\" alt=\"\" class=\"wp-image-161\" style=\"aspect-ratio:1;object-fit:cover\" srcset=\"https:\/\/maricarmengallardo.com\/wp-content\/uploads\/2024\/05\/MG_1244-zoom.jpg 1000w, https:\/\/maricarmengallardo.com\/wp-content\/uploads\/2024\/05\/MG_1244-zoom-600x400.jpg 600w, https:\/\/maricarmengallardo.com\/wp-content\/uploads\/2024\/05\/MG_1244-zoom-300x200.jpg 300w, https:\/\/maricarmengallardo.com\/wp-content\/uploads\/2024\/05\/MG_1244-zoom-768x512.jpg 768w\" sizes=\"auto, (max-width: 1000px) 100vw, 1000px\" \/><\/figure>\n<\/div>\n\n\n\n<div class=\"wp-block-column is-layout-flow wp-container-core-column-is-layout-8a368f38 wp-block-column-is-layout-flow\">\n<figure class=\"wp-block-image size-large is-style-rounded is-style-rounded--7\"><img loading=\"lazy\" decoding=\"async\" width=\"1024\" height=\"472\" src=\"https:\/\/maricarmengallardo.com\/wp-content\/uploads\/2024\/05\/63222C28-40EA-4C44-8388-F58FDB273DD7_1_105_c-1024x472.jpeg\" alt=\"\" class=\"wp-image-136\" style=\"aspect-ratio:3\/4;object-fit:cover\" srcset=\"https:\/\/maricarmengallardo.com\/wp-content\/uploads\/2024\/05\/63222C28-40EA-4C44-8388-F58FDB273DD7_1_105_c-1024x472.jpeg 1024w, https:\/\/maricarmengallardo.com\/wp-content\/uploads\/2024\/05\/63222C28-40EA-4C44-8388-F58FDB273DD7_1_105_c-600x277.jpeg 600w, https:\/\/maricarmengallardo.com\/wp-content\/uploads\/2024\/05\/63222C28-40EA-4C44-8388-F58FDB273DD7_1_105_c-300x138.jpeg 300w, https:\/\/maricarmengallardo.com\/wp-content\/uploads\/2024\/05\/63222C28-40EA-4C44-8388-F58FDB273DD7_1_105_c-768x354.jpeg 768w, https:\/\/maricarmengallardo.com\/wp-content\/uploads\/2024\/05\/63222C28-40EA-4C44-8388-F58FDB273DD7_1_105_c.jpeg 1306w\" sizes=\"auto, (max-width: 1024px) 100vw, 1024px\" \/><\/figure>\n\n\n\n<div style=\"height:var(--wp--preset--spacing--50)\" aria-hidden=\"true\" class=\"wp-block-spacer\"><\/div>\n\n\n\n<figure class=\"wp-block-image size-full is-style-rounded is-style-rounded--8\"><img loading=\"lazy\" decoding=\"async\" width=\"548\" height=\"583\" src=\"https:\/\/maricarmengallardo.com\/wp-content\/uploads\/2024\/05\/22024003-910A-4D78-9E6A-A7AD9C58CEF1_1_201_a.jpeg\" alt=\"\" class=\"wp-image-137\" style=\"aspect-ratio:3\/4;object-fit:cover\" srcset=\"https:\/\/maricarmengallardo.com\/wp-content\/uploads\/2024\/05\/22024003-910A-4D78-9E6A-A7AD9C58CEF1_1_201_a.jpeg 548w, https:\/\/maricarmengallardo.com\/wp-content\/uploads\/2024\/05\/22024003-910A-4D78-9E6A-A7AD9C58CEF1_1_201_a-282x300.jpeg 282w\" sizes=\"auto, (max-width: 548px) 100vw, 548px\" \/><figcaption class=\"wp-element-caption\">Screenshot<\/figcaption><\/figure>\n\n\n\n<div style=\"height:var(--wp--preset--spacing--50)\" aria-hidden=\"true\" class=\"wp-block-spacer\"><\/div>\n<\/div>\n\n\n\n<div class=\"wp-block-column is-layout-flow wp-container-core-column-is-layout-8a368f38 wp-block-column-is-layout-flow\">\n<div style=\"height:var(--wp--preset--spacing--50)\" aria-hidden=\"true\" class=\"wp-block-spacer\"><\/div>\n\n\n\n<figure class=\"wp-block-image size-full is-style-rounded is-style-rounded--9\"><img loading=\"lazy\" decoding=\"async\" width=\"1024\" height=\"768\" src=\"https:\/\/maricarmengallardo.com\/wp-content\/uploads\/2024\/05\/9062F890-D897-4275-8074-5A510D24DC65_1_105_c.jpeg\" alt=\"\" class=\"wp-image-138\" style=\"aspect-ratio:1;object-fit:cover\" srcset=\"https:\/\/maricarmengallardo.com\/wp-content\/uploads\/2024\/05\/9062F890-D897-4275-8074-5A510D24DC65_1_105_c.jpeg 1024w, https:\/\/maricarmengallardo.com\/wp-content\/uploads\/2024\/05\/9062F890-D897-4275-8074-5A510D24DC65_1_105_c-600x450.jpeg 600w, https:\/\/maricarmengallardo.com\/wp-content\/uploads\/2024\/05\/9062F890-D897-4275-8074-5A510D24DC65_1_105_c-300x225.jpeg 300w, https:\/\/maricarmengallardo.com\/wp-content\/uploads\/2024\/05\/9062F890-D897-4275-8074-5A510D24DC65_1_105_c-768x576.jpeg 768w\" sizes=\"auto, (max-width: 1024px) 100vw, 1024px\" \/><\/figure>\n\n\n\n<div style=\"height:var(--wp--preset--spacing--50)\" aria-hidden=\"true\" class=\"wp-block-spacer\"><\/div>\n\n\n\n<figure class=\"wp-block-image size-full is-style-rounded is-style-rounded--10\"><img loading=\"lazy\" decoding=\"async\" width=\"540\" height=\"281\" src=\"https:\/\/maricarmengallardo.com\/wp-content\/uploads\/2024\/05\/safe_image.png\" alt=\"\" class=\"wp-image-158\" style=\"aspect-ratio:16\/9;object-fit:cover\" srcset=\"https:\/\/maricarmengallardo.com\/wp-content\/uploads\/2024\/05\/safe_image.png 540w, https:\/\/maricarmengallardo.com\/wp-content\/uploads\/2024\/05\/safe_image-300x156.png 300w\" sizes=\"auto, (max-width: 540px) 100vw, 540px\" \/><\/figure>\n\n\n\n<div style=\"height:var(--wp--preset--spacing--50)\" aria-hidden=\"true\" class=\"wp-block-spacer\"><\/div>\n\n\n\n<figure class=\"wp-block-image size-large is-style-rounded is-style-rounded--11\"><img loading=\"lazy\" decoding=\"async\" width=\"768\" height=\"1024\" src=\"https:\/\/maricarmengallardo.com\/wp-content\/uploads\/2024\/05\/IMG_8381lacbienne-768x1024.jpg\" alt=\"\" class=\"wp-image-155\" style=\"aspect-ratio:9\/16;object-fit:cover\" srcset=\"https:\/\/maricarmengallardo.com\/wp-content\/uploads\/2024\/05\/IMG_8381lacbienne-768x1024.jpg 768w, https:\/\/maricarmengallardo.com\/wp-content\/uploads\/2024\/05\/IMG_8381lacbienne-scaled-600x800.jpg 600w, https:\/\/maricarmengallardo.com\/wp-content\/uploads\/2024\/05\/IMG_8381lacbienne-225x300.jpg 225w, https:\/\/maricarmengallardo.com\/wp-content\/uploads\/2024\/05\/IMG_8381lacbienne-1152x1536.jpg 1152w, https:\/\/maricarmengallardo.com\/wp-content\/uploads\/2024\/05\/IMG_8381lacbienne-1536x2048.jpg 1536w, https:\/\/maricarmengallardo.com\/wp-content\/uploads\/2024\/05\/IMG_8381lacbienne-scaled.jpg 1920w\" sizes=\"auto, (max-width: 768px) 100vw, 768px\" \/><\/figure>\n<\/div>\n<\/div>\n<\/div>\n","protected":false},"excerpt":{"rendered":"<p>Dates \u00e0 venir&#8230; NEOMouvement Cycle en lien avec les El\u00e9ments de la Nature ! Ces journ\u00e9es sont ouverts \u00e0 tous. Pour tous ceux qui veulent&nbsp;agir plut\u00f4t que de subir Je vous propose&nbsp;un th\u00e8me des 6 attributs par journ\u00e9e et vous donne l\u2019opportunit\u00e9 de vous relier \u00e0 l&rsquo;\u00e9nergie nourrici\u00e8re de la nature, d&rsquo;exp\u00e9rimenter \u00ab\u00a0en direct\u00a0\u00bb le [&hellip;]<\/p>\n","protected":false},"author":1,"featured_media":0,"parent":0,"menu_order":0,"comment_status":"closed","ping_status":"closed","template":"","meta":{"footnotes":""},"class_list":["post-197","page","type-page","status-publish","hentry"],"_links":{"self":[{"href":"https:\/\/maricarmengallardo.com\/index.php?rest_route=\/wp\/v2\/pages\/197","targetHints":{"allow":["GET"]}}],"collection":[{"href":"https:\/\/maricarmengallardo.com\/index.php?rest_route=\/wp\/v2\/pages"}],"about":[{"href":"https:\/\/maricarmengallardo.com\/index.php?rest_route=\/wp\/v2\/types\/page"}],"author":[{"embeddable":true,"href":"https:\/\/maricarmengallardo.com\/index.php?rest_route=\/wp\/v2\/users\/1"}],"replies":[{"embeddable":true,"href":"https:\/\/maricarmengallardo.com\/index.php?rest_route=%2Fwp%2Fv2%2Fcomments&post=197"}],"version-history":[{"count":9,"href":"https:\/\/maricarmengallardo.com\/index.php?rest_route=\/wp\/v2\/pages\/197\/revisions"}],"predecessor-version":[{"id":310,"href":"https:\/\/maricarmengallardo.com\/index.php?rest_route=\/wp\/v2\/pages\/197\/revisions\/310"}],"wp:attachment":[{"href":"https:\/\/maricarmengallardo.com\/index.php?rest_route=%2Fwp%2Fv2%2Fmedia&parent=197"}],"curies":[{"name":"wp","href":"https:\/\/api.w.org\/{rel}","templated":true}]}}